{"id":857,"date":"2022-05-09T09:17:28","date_gmt":"2022-05-09T07:17:28","guid":{"rendered":"https:\/\/dekkadancers.net\/?page_id=857"},"modified":"2025-02-21T12:50:44","modified_gmt":"2025-02-21T11:50:44","slug":"program","status":"publish","type":"page","link":"https:\/\/dekkadancers.net\/cs\/program\/","title":{"rendered":"Program"},"content":{"rendered":"","protected":false},"excerpt":{"rendered":"","protected":false},"author":1,"featured_media":0,"parent":0,"menu_order":9,"comment_status":"closed","ping_status":"closed","template":"page-events.php","meta":[],"yoast_head":"<!-- This site is optimized with the Yoast SEO plugin v19.14 - https:\/\/yoast.com\/wordpress\/plugins\/seo\/ -->\n<title>Program - DEKKADANCERS<\/title>\n<meta name=\"description\" content=\"Kde n\u00e1s m\u016f\u017eete vid\u011bt? Pod\u00edvejte se na n\u00e1\u0161 program a kde pr\u00e1v\u011b hrajeme!\" \/>\n<meta name=\"robots\" content=\"index, follow, max-snippet:-1, max-image-preview:large, max-video-preview:-1\" \/>\n<link rel=\"canonical\" href=\"https:\/\/dekkadancers.net\/program\/\" \/>\n<meta property=\"og:locale\" content=\"cs_CZ\" \/>\n<meta property=\"og:type\" content=\"article\" \/>\n<meta property=\"og:title\" content=\"Program - DEKKADANCERS\" \/>\n<meta property=\"og:description\" content=\"Kde n\u00e1s m\u016f\u017eete vid\u011bt? Pod\u00edvejte se na n\u00e1\u0161 program a kde pr\u00e1v\u011b hrajeme!\" \/>\n<meta property=\"og:url\" content=\"https:\/\/dekkadancers.net\/program\/\" \/>\n<meta property=\"og:site_name\" content=\"DEKKADANCERS\" \/>\n<meta property=\"article:publisher\" content=\"https:\/\/www.facebook.com\/dekkadancers\" \/>\n<meta property=\"article:modified_time\" content=\"2025-02-21T11:50:44+00:00\" \/>\n<meta property=\"og:image\" content=\"https:\/\/dekkadancers.net\/app\/uploads\/2022\/05\/social-thumbnail.png\" \/>\n\t<meta property=\"og:image:width\" content=\"1280\" \/>\n\t<meta property=\"og:image:height\" content=\"800\" \/>\n\t<meta property=\"og:image:type\" content=\"image\/png\" \/>\n<meta name=\"twitter:card\" content=\"summary_large_image\" \/>\n<script type=\"application\/ld+json\" class=\"yoast-schema-graph\">{\"@context\":\"https:\/\/schema.org\",\"@graph\":[{\"@type\":\"WebPage\",\"@id\":\"https:\/\/dekkadancers.net\/program\/\",\"url\":\"https:\/\/dekkadancers.net\/program\/\",\"name\":\"Program - DEKKADANCERS\",\"isPartOf\":{\"@id\":\"https:\/\/dekkadancers.net\/#website\"},\"datePublished\":\"2022-05-09T07:17:28+00:00\",\"dateModified\":\"2025-02-21T11:50:44+00:00\",\"description\":\"Kde n\u00e1s m\u016f\u017eete vid\u011bt? Pod\u00edvejte se na n\u00e1\u0161 program a kde pr\u00e1v\u011b hrajeme!\",\"breadcrumb\":{\"@id\":\"https:\/\/dekkadancers.net\/program\/#breadcrumb\"},\"inLanguage\":\"cs\",\"potentialAction\":[{\"@type\":\"ReadAction\",\"target\":[\"https:\/\/dekkadancers.net\/program\/\"]}]},{\"@type\":\"BreadcrumbList\",\"@id\":\"https:\/\/dekkadancers.net\/program\/#breadcrumb\",\"itemListElement\":[{\"@type\":\"ListItem\",\"position\":1,\"name\":\"Home\",\"item\":\"https:\/\/dekkadancers.net\/cs\/\"},{\"@type\":\"ListItem\",\"position\":2,\"name\":\"Program\"}]},{\"@type\":\"WebSite\",\"@id\":\"https:\/\/dekkadancers.net\/#website\",\"url\":\"https:\/\/dekkadancers.net\/\",\"name\":\"DEKKADANCERS\",\"description\":\"Contemporary dance company\",\"inLanguage\":\"cs\"}]}<\/script>\n<!-- \/ Yoast SEO plugin. -->","yoast_head_json":{"title":"Program - DEKKADANCERS","description":"Kde n\u00e1s m\u016f\u017eete vid\u011bt? Pod\u00edvejte se na n\u00e1\u0161 program a kde pr\u00e1v\u011b hrajeme!","robots":{"index":"index","follow":"follow","max-snippet":"max-snippet:-1","max-image-preview":"max-image-preview:large","max-video-preview":"max-video-preview:-1"},"canonical":"https:\/\/dekkadancers.net\/program\/","og_locale":"cs_CZ","og_type":"article","og_title":"Program - DEKKADANCERS","og_description":"Kde n\u00e1s m\u016f\u017eete vid\u011bt? Pod\u00edvejte se na n\u00e1\u0161 program a kde pr\u00e1v\u011b hrajeme!","og_url":"https:\/\/dekkadancers.net\/program\/","og_site_name":"DEKKADANCERS","article_publisher":"https:\/\/www.facebook.com\/dekkadancers","article_modified_time":"2025-02-21T11:50:44+00:00","og_image":[{"width":1280,"height":800,"url":"https:\/\/dekkadancers.net\/app\/uploads\/2022\/05\/social-thumbnail.png","type":"image\/png"}],"twitter_card":"summary_large_image","schema":{"@context":"https:\/\/schema.org","@graph":[{"@type":"WebPage","@id":"https:\/\/dekkadancers.net\/program\/","url":"https:\/\/dekkadancers.net\/program\/","name":"Program - DEKKADANCERS","isPartOf":{"@id":"https:\/\/dekkadancers.net\/#website"},"datePublished":"2022-05-09T07:17:28+00:00","dateModified":"2025-02-21T11:50:44+00:00","description":"Kde n\u00e1s m\u016f\u017eete vid\u011bt? Pod\u00edvejte se na n\u00e1\u0161 program a kde pr\u00e1v\u011b hrajeme!","breadcrumb":{"@id":"https:\/\/dekkadancers.net\/program\/#breadcrumb"},"inLanguage":"cs","potentialAction":[{"@type":"ReadAction","target":["https:\/\/dekkadancers.net\/program\/"]}]},{"@type":"BreadcrumbList","@id":"https:\/\/dekkadancers.net\/program\/#breadcrumb","itemListElement":[{"@type":"ListItem","position":1,"name":"Home","item":"https:\/\/dekkadancers.net\/cs\/"},{"@type":"ListItem","position":2,"name":"Program"}]},{"@type":"WebSite","@id":"https:\/\/dekkadancers.net\/#website","url":"https:\/\/dekkadancers.net\/","name":"DEKKADANCERS","description":"Contemporary dance company","inLanguage":"cs"}]}},"_links":{"self":[{"href":"https:\/\/dekkadancers.net\/cs\/wp-json\/wp\/v2\/pages\/857"}],"collection":[{"href":"https:\/\/dekkadancers.net\/cs\/wp-json\/wp\/v2\/pages"}],"about":[{"href":"https:\/\/dekkadancers.net\/cs\/wp-json\/wp\/v2\/types\/page"}],"author":[{"embeddable":true,"href":"https:\/\/dekkadancers.net\/cs\/wp-json\/wp\/v2\/users\/1"}],"replies":[{"embeddable":true,"href":"https:\/\/dekkadancers.net\/cs\/wp-json\/wp\/v2\/comments?post=857"}],"version-history":[{"count":1,"href":"https:\/\/dekkadancers.net\/cs\/wp-json\/wp\/v2\/pages\/857\/revisions"}],"predecessor-version":[{"id":858,"href":"https:\/\/dekkadancers.net\/cs\/wp-json\/wp\/v2\/pages\/857\/revisions\/858"}],"wp:attachment":[{"href":"https:\/\/dekkadancers.net\/cs\/wp-json\/wp\/v2\/media?parent=857"}],"curies":[{"name":"wp","href":"https:\/\/api.w.org\/{rel}","templated":true}]}}