{"id":730,"date":"2022-04-28T14:57:53","date_gmt":"2022-04-28T12:57:53","guid":{"rendered":"https:\/\/dekkadancers.net\/?page_id=730"},"modified":"2025-02-21T12:50:43","modified_gmt":"2025-02-21T11:50:43","slug":"lide","status":"publish","type":"page","link":"https:\/\/dekkadancers.net\/cs\/lide\/","title":{"rendered":"Lid\u00e9"},"content":{"rendered":"<blockquote>\n<h2 style=\"font-weight: 400; text-align: center;\"><strong><em>D\u011bl\u00e1me tanec p\u0159\u00edstupn\u011bj\u0161\u00ed. <\/em><\/strong><\/h2>\n<h2 style=\"font-weight: 400; text-align: center;\"><strong><em>Autenticky. <\/em><\/strong><\/h2>\n<h2 style=\"font-weight: 400; text-align: center;\"><strong><em>Bez podb\u00edzivosti. <\/em><\/strong><\/h2>\n<h2 style=\"font-weight: 400; text-align: center;\"><strong><em>S\u00a0humorem. <\/em><\/strong><\/h2>\n<h2 style=\"font-weight: 400; text-align: center;\"><strong><em>Dekadentn\u011b.<\/em><\/strong><\/h2>\n<\/blockquote>\n<p style=\"font-weight: 400;\">Jsme projektov\u00e1 tane\u010dn\u00ed skupina, kter\u00e1 vznikla v&nbsp;roce 2009 jako sister company Baletu N\u00e1rodn\u00edho divadla v&nbsp;Praze. Od roku 2015 fungujeme jako nez\u00e1visl\u00fd tane\u010dn\u00ed soubor. <strong>DEKKADANCERS<\/strong> maj\u00ed na sv\u00e9m kont\u011b \u0159adu produkc\u00ed a&nbsp;p\u0159edstaven\u00ed nap\u0159\u00ed\u010d \u017e\u00e1nry \u2013 od celove\u010dern\u00edch tane\u010dn\u00edch inscenac\u00ed, a\u017e po&nbsp;rozmanit\u00e9 projekty, jako jsou m\u00f3dn\u00ed p\u0159ehl\u00eddky, hudebn\u00ed videa a&nbsp;koncerty. Soubor vede dvojice \u0160t\u011bp\u00e1n Pechar a&nbsp;Ond\u0159ej Vinkl\u00e1t.<\/p>\n<p style=\"font-weight: 400;\">D\u011bl\u00e1me tanec p\u0159\u00edstupn\u011bj\u0161\u00ed \u0161irok\u00e9 ve\u0159ejnosti. Autenticky, bez podb\u00edzivosti, a&nbsp;s&nbsp;jedine\u010dn\u00fdm p\u0159\u00edstupem ke ka\u017ed\u00e9mu p\u0159edstaven\u00ed. Pracujeme s&nbsp;nejlep\u0161\u00edmi ze sv\u00fdch obor\u016f nap\u0159\u00ed\u010d \u017e\u00e1nry. Pat\u0159\u00ed mezi n\u011b nejen \u0161pi\u010dkov\u00ed tane\u010dn\u00edci, ale i&nbsp;popul\u00e1rn\u00ed hudebn\u00edci \u010di&nbsp;renomovan\u00ed divadeln\u00edci a&nbsp;v\u00fdtvarn\u00edci. Div\u00e1k si z&nbsp;p\u0159edstaven\u00ed <strong>DEKKADANCERS<\/strong> odn\u00e1\u0161\u00ed nejen pohybov\u011b-tane\u010dn\u00ed z\u00e1\u017eitek, ale celistv\u00fd divadeln\u00ed pro\u017eitek, \u010dasto oko\u0159en\u011bn\u00fd o\u00a0specifick\u00fd druh humoru, kter\u00fd bort\u00ed hranice mezi div\u00e1kem a\u00a0performerem.<\/p>\n","protected":false},"excerpt":{"rendered":"<p>D\u011bl\u00e1me tanec p\u0159\u00edstupn\u011bj\u0161\u00ed. Autenticky. Bez podb\u00edzivosti. S\u00a0humorem. Dekadentn\u011b. Jsme projektov\u00e1 tane\u010dn\u00ed skupina, kter\u00e1 vznikla v&nbsp;roce 2009 jako sister company Baletu N\u00e1rodn\u00edho divadla v&nbsp;Praze. Od roku 2015 fungujeme jako nez\u00e1visl\u00fd tane\u010dn\u00ed soubor. DEKKADANCERS maj\u00ed na sv\u00e9m kont\u011b \u0159adu produkc\u00ed a&nbsp;p\u0159edstaven\u00ed nap\u0159\u00ed\u010d \u017e\u00e1nry \u2013 od celove\u010dern\u00edch tane\u010dn\u00edch inscenac\u00ed, a\u017e po&nbsp;rozmanit\u00e9 projekty, jako jsou m\u00f3dn\u00ed p\u0159ehl\u00eddky, hudebn\u00ed videa [&hellip;]<\/p>\n","protected":false},"author":1,"featured_media":2475,"parent":0,"menu_order":7,"comment_status":"closed","ping_status":"closed","template":"page-team.php","meta":[],"yoast_head":"<!-- This site is optimized with the Yoast SEO plugin v19.14 - https:\/\/yoast.com\/wordpress\/plugins\/seo\/ -->\n<title>Lid\u00e9 - DEKKADANCERS<\/title>\n<meta name=\"description\" content=\"DEKKADANCERS je otev\u0159en\u00e1 projektov\u00e1 tane\u010dn\u00ed skupina a produk\u010dn\u00ed spole\u010dnost. Skupinu v roce 2009 zalo\u017eili tehdej\u0161\u00ed tane\u010dn\u00edci a choreografov\u00e9 Baletu ND Viktor Konvalinka a Tom Rychetsk\u00fd, spole\u010dn\u011b s fotografem Pavlem Hejn\u00fdm. Od roku 2015 se veden\u00ed uj\u00edm\u00e1 tzv. druh\u00e1 generace DEKKADANCERS \u2013 \u0160t\u011bp\u00e1n Pechar, Ond\u0159ej Vinkl\u00e1t a Marek Svobodn\u00edk.\" \/>\n<meta name=\"robots\" content=\"index, follow, max-snippet:-1, max-image-preview:large, max-video-preview:-1\" \/>\n<link rel=\"canonical\" href=\"https:\/\/dekkadancers.net\/people\/\" \/>\n<meta property=\"og:locale\" content=\"cs_CZ\" \/>\n<meta property=\"og:type\" content=\"article\" \/>\n<meta property=\"og:title\" content=\"Lid\u00e9 - DEKKADANCERS\" \/>\n<meta property=\"og:description\" content=\"DEKKADANCERS je otev\u0159en\u00e1 projektov\u00e1 tane\u010dn\u00ed skupina a produk\u010dn\u00ed spole\u010dnost. Skupinu v roce 2009 zalo\u017eili tehdej\u0161\u00ed tane\u010dn\u00edci a choreografov\u00e9 Baletu ND Viktor Konvalinka a Tom Rychetsk\u00fd, spole\u010dn\u011b s fotografem Pavlem Hejn\u00fdm. Od roku 2015 se veden\u00ed uj\u00edm\u00e1 tzv. druh\u00e1 generace DEKKADANCERS \u2013 \u0160t\u011bp\u00e1n Pechar, Ond\u0159ej Vinkl\u00e1t a Marek Svobodn\u00edk.\" \/>\n<meta property=\"og:url\" content=\"https:\/\/dekkadancers.net\/people\/\" \/>\n<meta property=\"og:site_name\" content=\"DEKKADANCERS\" \/>\n<meta property=\"article:publisher\" content=\"https:\/\/www.facebook.com\/dekkadancers\" \/>\n<meta property=\"article:modified_time\" content=\"2025-02-21T11:50:43+00:00\" \/>\n<meta property=\"og:image\" content=\"https:\/\/dekkadancers.net\/app\/uploads\/2022\/04\/dekka-portrety-20220259.jpg\" \/>\n\t<meta property=\"og:image:width\" content=\"1920\" \/>\n\t<meta property=\"og:image:height\" content=\"916\" \/>\n\t<meta property=\"og:image:type\" content=\"image\/jpeg\" \/>\n<meta name=\"twitter:card\" content=\"summary_large_image\" \/>\n<meta name=\"twitter:label1\" content=\"Est. reading time\" \/>\n\t<meta name=\"twitter:data1\" content=\"1 minuta\" \/>\n<script type=\"application\/ld+json\" class=\"yoast-schema-graph\">{\"@context\":\"https:\/\/schema.org\",\"@graph\":[{\"@type\":\"WebPage\",\"@id\":\"https:\/\/dekkadancers.net\/people\/\",\"url\":\"https:\/\/dekkadancers.net\/people\/\",\"name\":\"Lid\u00e9 - DEKKADANCERS\",\"isPartOf\":{\"@id\":\"https:\/\/dekkadancers.net\/#website\"},\"datePublished\":\"2022-04-28T12:57:53+00:00\",\"dateModified\":\"2025-02-21T11:50:43+00:00\",\"description\":\"DEKKADANCERS je otev\u0159en\u00e1 projektov\u00e1 tane\u010dn\u00ed skupina a produk\u010dn\u00ed spole\u010dnost. Skupinu v roce 2009 zalo\u017eili tehdej\u0161\u00ed tane\u010dn\u00edci a choreografov\u00e9 Baletu ND Viktor Konvalinka a Tom Rychetsk\u00fd, spole\u010dn\u011b s fotografem Pavlem Hejn\u00fdm. Od roku 2015 se veden\u00ed uj\u00edm\u00e1 tzv. druh\u00e1 generace DEKKADANCERS \u2013 \u0160t\u011bp\u00e1n Pechar, Ond\u0159ej Vinkl\u00e1t a Marek Svobodn\u00edk.\",\"breadcrumb\":{\"@id\":\"https:\/\/dekkadancers.net\/people\/#breadcrumb\"},\"inLanguage\":\"cs\",\"potentialAction\":[{\"@type\":\"ReadAction\",\"target\":[\"https:\/\/dekkadancers.net\/people\/\"]}]},{\"@type\":\"BreadcrumbList\",\"@id\":\"https:\/\/dekkadancers.net\/people\/#breadcrumb\",\"itemListElement\":[{\"@type\":\"ListItem\",\"position\":1,\"name\":\"Home\",\"item\":\"https:\/\/dekkadancers.net\/cs\/\"},{\"@type\":\"ListItem\",\"position\":2,\"name\":\"Lid\u00e9\"}]},{\"@type\":\"WebSite\",\"@id\":\"https:\/\/dekkadancers.net\/#website\",\"url\":\"https:\/\/dekkadancers.net\/\",\"name\":\"DEKKADANCERS\",\"description\":\"Contemporary dance company\",\"inLanguage\":\"cs\"}]}<\/script>\n<!-- \/ Yoast SEO plugin. -->","yoast_head_json":{"title":"Lid\u00e9 - DEKKADANCERS","description":"DEKKADANCERS je otev\u0159en\u00e1 projektov\u00e1 tane\u010dn\u00ed skupina a produk\u010dn\u00ed spole\u010dnost. Skupinu v roce 2009 zalo\u017eili tehdej\u0161\u00ed tane\u010dn\u00edci a choreografov\u00e9 Baletu ND Viktor Konvalinka a Tom Rychetsk\u00fd, spole\u010dn\u011b s fotografem Pavlem Hejn\u00fdm. Od roku 2015 se veden\u00ed uj\u00edm\u00e1 tzv. druh\u00e1 generace DEKKADANCERS \u2013 \u0160t\u011bp\u00e1n Pechar, Ond\u0159ej Vinkl\u00e1t a Marek Svobodn\u00edk.","robots":{"index":"index","follow":"follow","max-snippet":"max-snippet:-1","max-image-preview":"max-image-preview:large","max-video-preview":"max-video-preview:-1"},"canonical":"https:\/\/dekkadancers.net\/people\/","og_locale":"cs_CZ","og_type":"article","og_title":"Lid\u00e9 - DEKKADANCERS","og_description":"DEKKADANCERS je otev\u0159en\u00e1 projektov\u00e1 tane\u010dn\u00ed skupina a produk\u010dn\u00ed spole\u010dnost. Skupinu v roce 2009 zalo\u017eili tehdej\u0161\u00ed tane\u010dn\u00edci a choreografov\u00e9 Baletu ND Viktor Konvalinka a Tom Rychetsk\u00fd, spole\u010dn\u011b s fotografem Pavlem Hejn\u00fdm. Od roku 2015 se veden\u00ed uj\u00edm\u00e1 tzv. druh\u00e1 generace DEKKADANCERS \u2013 \u0160t\u011bp\u00e1n Pechar, Ond\u0159ej Vinkl\u00e1t a Marek Svobodn\u00edk.","og_url":"https:\/\/dekkadancers.net\/people\/","og_site_name":"DEKKADANCERS","article_publisher":"https:\/\/www.facebook.com\/dekkadancers","article_modified_time":"2025-02-21T11:50:43+00:00","og_image":[{"width":1920,"height":916,"url":"https:\/\/dekkadancers.net\/app\/uploads\/2022\/04\/dekka-portrety-20220259.jpg","type":"image\/jpeg"}],"twitter_card":"summary_large_image","twitter_misc":{"Est. reading time":"1 minuta"},"schema":{"@context":"https:\/\/schema.org","@graph":[{"@type":"WebPage","@id":"https:\/\/dekkadancers.net\/people\/","url":"https:\/\/dekkadancers.net\/people\/","name":"Lid\u00e9 - DEKKADANCERS","isPartOf":{"@id":"https:\/\/dekkadancers.net\/#website"},"datePublished":"2022-04-28T12:57:53+00:00","dateModified":"2025-02-21T11:50:43+00:00","description":"DEKKADANCERS je otev\u0159en\u00e1 projektov\u00e1 tane\u010dn\u00ed skupina a produk\u010dn\u00ed spole\u010dnost. Skupinu v roce 2009 zalo\u017eili tehdej\u0161\u00ed tane\u010dn\u00edci a choreografov\u00e9 Baletu ND Viktor Konvalinka a Tom Rychetsk\u00fd, spole\u010dn\u011b s fotografem Pavlem Hejn\u00fdm. Od roku 2015 se veden\u00ed uj\u00edm\u00e1 tzv. druh\u00e1 generace DEKKADANCERS \u2013 \u0160t\u011bp\u00e1n Pechar, Ond\u0159ej Vinkl\u00e1t a Marek Svobodn\u00edk.","breadcrumb":{"@id":"https:\/\/dekkadancers.net\/people\/#breadcrumb"},"inLanguage":"cs","potentialAction":[{"@type":"ReadAction","target":["https:\/\/dekkadancers.net\/people\/"]}]},{"@type":"BreadcrumbList","@id":"https:\/\/dekkadancers.net\/people\/#breadcrumb","itemListElement":[{"@type":"ListItem","position":1,"name":"Home","item":"https:\/\/dekkadancers.net\/cs\/"},{"@type":"ListItem","position":2,"name":"Lid\u00e9"}]},{"@type":"WebSite","@id":"https:\/\/dekkadancers.net\/#website","url":"https:\/\/dekkadancers.net\/","name":"DEKKADANCERS","description":"Contemporary dance company","inLanguage":"cs"}]}},"_links":{"self":[{"href":"https:\/\/dekkadancers.net\/cs\/wp-json\/wp\/v2\/pages\/730"}],"collection":[{"href":"https:\/\/dekkadancers.net\/cs\/wp-json\/wp\/v2\/pages"}],"about":[{"href":"https:\/\/dekkadancers.net\/cs\/wp-json\/wp\/v2\/types\/page"}],"author":[{"embeddable":true,"href":"https:\/\/dekkadancers.net\/cs\/wp-json\/wp\/v2\/users\/1"}],"replies":[{"embeddable":true,"href":"https:\/\/dekkadancers.net\/cs\/wp-json\/wp\/v2\/comments?post=730"}],"version-history":[{"count":17,"href":"https:\/\/dekkadancers.net\/cs\/wp-json\/wp\/v2\/pages\/730\/revisions"}],"predecessor-version":[{"id":1896,"href":"https:\/\/dekkadancers.net\/cs\/wp-json\/wp\/v2\/pages\/730\/revisions\/1896"}],"wp:featuredmedia":[{"embeddable":true,"href":"https:\/\/dekkadancers.net\/cs\/wp-json\/wp\/v2\/media\/2475"}],"wp:attachment":[{"href":"https:\/\/dekkadancers.net\/cs\/wp-json\/wp\/v2\/media?parent=730"}],"curies":[{"name":"wp","href":"https:\/\/api.w.org\/{rel}","templated":true}]}}