{"id":70,"date":"2022-02-08T11:56:11","date_gmt":"2022-02-08T10:56:11","guid":{"rendered":"https:\/\/dekkadancers.net\/?page_id=70"},"modified":"2026-02-04T15:28:30","modified_gmt":"2026-02-04T14:28:30","slug":"tanecni-skupina","status":"publish","type":"page","link":"https:\/\/dekkadancers.net\/cs\/","title":{"rendered":"DEKKADANCERS"},"content":{"rendered":"","protected":false},"excerpt":{"rendered":"","protected":false},"author":1,"featured_media":0,"parent":0,"menu_order":1,"comment_status":"closed","ping_status":"closed","template":"","meta":[],"yoast_head":"<!-- This site is optimized with the Yoast SEO plugin v19.14 - https:\/\/yoast.com\/wordpress\/plugins\/seo\/ -->\n<title>DEKKADANCERS<\/title>\n<meta name=\"description\" content=\"Tan\u010d\u00edme srdcem a mysl\u00edme kolenem. Skl\u00e1d\u00e1me kroky i hudbu. Hrajeme v\u00e1\u017en\u011b i nev\u00e1\u017en\u011b. Vystupujeme v divadle Jatka78. Jsme tane\u010dn\u00ed soubor DEKKADANCERS!\" \/>\n<meta name=\"robots\" content=\"index, follow, max-snippet:-1, max-image-preview:large, max-video-preview:-1\" \/>\n<link rel=\"canonical\" href=\"https:\/\/dekkadancers.net\/cs\/\" \/>\n<meta property=\"og:locale\" content=\"cs_CZ\" \/>\n<meta property=\"og:type\" content=\"article\" \/>\n<meta property=\"og:title\" content=\"Jsme DEKKADANCERS!\" \/>\n<meta property=\"og:description\" content=\"Tan\u010d\u00edme srdcem a mysl\u00edme kolenem. Skl\u00e1d\u00e1me kroky i hudbu. Hrajeme v\u00e1\u017en\u011b i nev\u00e1\u017en\u011b. Vystupujeme v divadle Jatka78. Jsme tane\u010dn\u00ed soubor DEKKADANCERS!\" \/>\n<meta property=\"og:url\" content=\"https:\/\/dekkadancers.net\/cs\/\" \/>\n<meta property=\"og:site_name\" content=\"DEKKADANCERS\" \/>\n<meta property=\"article:publisher\" content=\"https:\/\/www.facebook.com\/dekkadancers\" \/>\n<meta property=\"article:modified_time\" content=\"2026-02-04T14:28:30+00:00\" \/>\n<meta property=\"og:image\" content=\"https:\/\/dekkadancers.net\/app\/uploads\/2022\/05\/social-thumbnail.png\" \/>\n\t<meta property=\"og:image:width\" content=\"1280\" \/>\n\t<meta property=\"og:image:height\" content=\"800\" \/>\n\t<meta property=\"og:image:type\" content=\"image\/png\" \/>\n<meta name=\"twitter:card\" content=\"summary_large_image\" \/>\n<meta name=\"twitter:title\" content=\"Jsme DEKKADANCERS!\" \/>\n<meta name=\"twitter:description\" content=\"Tan\u010d\u00edme srdcem a mysl\u00edme kolenem. Skl\u00e1d\u00e1me kroky i hudbu. Hrajeme v\u00e1\u017en\u011b i nev\u00e1\u017en\u011b. Vystupujeme v divadle Jatka78. Jsme tane\u010dn\u00ed soubor DEKKADANCERS!\" \/>\n<meta name=\"twitter:image\" content=\"https:\/\/dekkadancers.net\/app\/uploads\/2022\/05\/Snimek-obrazovky-2022-05-06-v-12.16.01.png\" \/>\n<script type=\"application\/ld+json\" class=\"yoast-schema-graph\">{\"@context\":\"https:\/\/schema.org\",\"@graph\":[{\"@type\":\"WebPage\",\"@id\":\"https:\/\/dekkadancers.net\/cs\/\",\"url\":\"https:\/\/dekkadancers.net\/cs\/\",\"name\":\"DEKKADANCERS\",\"isPartOf\":{\"@id\":\"https:\/\/dekkadancers.net\/#website\"},\"datePublished\":\"2022-02-08T10:56:11+00:00\",\"dateModified\":\"2026-02-04T14:28:30+00:00\",\"description\":\"Tan\u010d\u00edme srdcem a mysl\u00edme kolenem. Skl\u00e1d\u00e1me kroky i hudbu. Hrajeme v\u00e1\u017en\u011b i nev\u00e1\u017en\u011b. Vystupujeme v divadle Jatka78. Jsme tane\u010dn\u00ed soubor DEKKADANCERS!\",\"breadcrumb\":{\"@id\":\"https:\/\/dekkadancers.net\/cs\/#breadcrumb\"},\"inLanguage\":\"cs\",\"potentialAction\":[{\"@type\":\"ReadAction\",\"target\":[\"https:\/\/dekkadancers.net\/cs\/\"]}]},{\"@type\":\"BreadcrumbList\",\"@id\":\"https:\/\/dekkadancers.net\/cs\/#breadcrumb\",\"itemListElement\":[{\"@type\":\"ListItem\",\"position\":1,\"name\":\"Home\",\"item\":\"https:\/\/dekkadancers.net\/cs\/\"},{\"@type\":\"ListItem\",\"position\":2,\"name\":\"DEKKADANCERS\"}]},{\"@type\":\"WebSite\",\"@id\":\"https:\/\/dekkadancers.net\/#website\",\"url\":\"https:\/\/dekkadancers.net\/\",\"name\":\"DEKKADANCERS\",\"description\":\"Contemporary dance company\",\"inLanguage\":\"cs\"}]}<\/script>\n<!-- \/ Yoast SEO plugin. -->","yoast_head_json":{"title":"DEKKADANCERS","description":"Tan\u010d\u00edme srdcem a mysl\u00edme kolenem. Skl\u00e1d\u00e1me kroky i hudbu. Hrajeme v\u00e1\u017en\u011b i nev\u00e1\u017en\u011b. Vystupujeme v divadle Jatka78. Jsme tane\u010dn\u00ed soubor DEKKADANCERS!","robots":{"index":"index","follow":"follow","max-snippet":"max-snippet:-1","max-image-preview":"max-image-preview:large","max-video-preview":"max-video-preview:-1"},"canonical":"https:\/\/dekkadancers.net\/cs\/","og_locale":"cs_CZ","og_type":"article","og_title":"Jsme DEKKADANCERS!","og_description":"Tan\u010d\u00edme srdcem a mysl\u00edme kolenem. Skl\u00e1d\u00e1me kroky i hudbu. Hrajeme v\u00e1\u017en\u011b i nev\u00e1\u017en\u011b. Vystupujeme v divadle Jatka78. Jsme tane\u010dn\u00ed soubor DEKKADANCERS!","og_url":"https:\/\/dekkadancers.net\/cs\/","og_site_name":"DEKKADANCERS","article_publisher":"https:\/\/www.facebook.com\/dekkadancers","article_modified_time":"2026-02-04T14:28:30+00:00","og_image":[{"width":1280,"height":800,"url":"https:\/\/dekkadancers.net\/app\/uploads\/2022\/05\/social-thumbnail.png","type":"image\/png"}],"twitter_card":"summary_large_image","twitter_title":"Jsme DEKKADANCERS!","twitter_description":"Tan\u010d\u00edme srdcem a mysl\u00edme kolenem. Skl\u00e1d\u00e1me kroky i hudbu. Hrajeme v\u00e1\u017en\u011b i nev\u00e1\u017en\u011b. Vystupujeme v divadle Jatka78. Jsme tane\u010dn\u00ed soubor DEKKADANCERS!","twitter_image":"https:\/\/dekkadancers.net\/app\/uploads\/2022\/05\/Snimek-obrazovky-2022-05-06-v-12.16.01.png","schema":{"@context":"https:\/\/schema.org","@graph":[{"@type":"WebPage","@id":"https:\/\/dekkadancers.net\/cs\/","url":"https:\/\/dekkadancers.net\/cs\/","name":"DEKKADANCERS","isPartOf":{"@id":"https:\/\/dekkadancers.net\/#website"},"datePublished":"2022-02-08T10:56:11+00:00","dateModified":"2026-02-04T14:28:30+00:00","description":"Tan\u010d\u00edme srdcem a mysl\u00edme kolenem. Skl\u00e1d\u00e1me kroky i hudbu. Hrajeme v\u00e1\u017en\u011b i nev\u00e1\u017en\u011b. Vystupujeme v divadle Jatka78. Jsme tane\u010dn\u00ed soubor DEKKADANCERS!","breadcrumb":{"@id":"https:\/\/dekkadancers.net\/cs\/#breadcrumb"},"inLanguage":"cs","potentialAction":[{"@type":"ReadAction","target":["https:\/\/dekkadancers.net\/cs\/"]}]},{"@type":"BreadcrumbList","@id":"https:\/\/dekkadancers.net\/cs\/#breadcrumb","itemListElement":[{"@type":"ListItem","position":1,"name":"Home","item":"https:\/\/dekkadancers.net\/cs\/"},{"@type":"ListItem","position":2,"name":"DEKKADANCERS"}]},{"@type":"WebSite","@id":"https:\/\/dekkadancers.net\/#website","url":"https:\/\/dekkadancers.net\/","name":"DEKKADANCERS","description":"Contemporary dance company","inLanguage":"cs"}]}},"_links":{"self":[{"href":"https:\/\/dekkadancers.net\/cs\/wp-json\/wp\/v2\/pages\/70"}],"collection":[{"href":"https:\/\/dekkadancers.net\/cs\/wp-json\/wp\/v2\/pages"}],"about":[{"href":"https:\/\/dekkadancers.net\/cs\/wp-json\/wp\/v2\/types\/page"}],"author":[{"embeddable":true,"href":"https:\/\/dekkadancers.net\/cs\/wp-json\/wp\/v2\/users\/1"}],"replies":[{"embeddable":true,"href":"https:\/\/dekkadancers.net\/cs\/wp-json\/wp\/v2\/comments?post=70"}],"version-history":[{"count":7,"href":"https:\/\/dekkadancers.net\/cs\/wp-json\/wp\/v2\/pages\/70\/revisions"}],"predecessor-version":[{"id":2986,"href":"https:\/\/dekkadancers.net\/cs\/wp-json\/wp\/v2\/pages\/70\/revisions\/2986"}],"wp:attachment":[{"href":"https:\/\/dekkadancers.net\/cs\/wp-json\/wp\/v2\/media?parent=70"}],"curies":[{"name":"wp","href":"https:\/\/api.w.org\/{rel}","templated":true}]}}