{"id":1873,"date":"2024-04-25T14:48:11","date_gmt":"2024-04-25T12:48:11","guid":{"rendered":"https:\/\/dekkadancers.net\/?page_id=1873"},"modified":"2026-02-04T15:11:13","modified_gmt":"2026-02-04T14:11:13","slug":"kick-off","status":"publish","type":"page","link":"https:\/\/dekkadancers.net\/cs\/tanecni-skupina\/kick-off\/","title":{"rendered":"DEKKA KICK-OFF"},"content":{"rendered":"<h2 style=\"font-weight: 400;\"><\/h2>\n<h2 style=\"font-weight: 400;\"><strong>DEKKA KICK-OFF je spole\u010dn\u00fd experiment\u00e1ln\u00ed projekt souboru DEKKADANCERS a&nbsp;ARCHY+. Poskytuje mo\u017enost tv\u016frc\u016fm ve v\u011bku 18\u201326 let p\u0159ipravit vlastn\u00ed tane\u010dn\u00ed inscenaci pod superviz\u00ed zku\u0161en\u00fdch tane\u010dn\u00edk\u016f, choreograf\u016f a&nbsp;dal\u0161\u00edch profesion\u00e1ln\u00edch spolupracovn\u00edk\u016f. Projekt klade velk\u00fd d\u016fraz na autenticitu a&nbsp;prostor pro vyj\u00e1d\u0159en\u00ed um\u011bleck\u00e9 vize, postoje a&nbsp;my\u0161lenek sou\u010dasn\u00e9 mlad\u00e9 generace.<\/strong><\/h2>\n<p>&nbsp;<\/p>\n<h2>Bu\u010fte sou\u010d\u00e1st\u00ed DEKKA KICK-OFF i&nbsp;vy. Pr\u00e1v\u011b te\u010f prob\u00edh\u00e1 <a href=\"https:\/\/www.archa-plus.cz\/cz\/open-calls\/detail\/7\/dekka-kick-off-vol-ii\"><strong>Open Call na DEKKA KICK-OFF vol. II.<\/strong><\/a> Jen do 14.&nbsp;2.&nbsp;2026!<\/h2>\n<p>&nbsp;<\/p>\n<p>&nbsp;<\/p>\n<figure id=\"attachment_2356\" aria-describedby=\"caption-attachment-2356\" class=\"wp-caption aligncenter\"><img alt=\"DEKKA KICK-OFF\" src=\"https:\/\/dekkadancers.net\/app\/uploads\/2025\/03\/Hutch-75-660x0-c-default.jpg\" class=\"wp-image-2356 size-medium\"><figcaption id=\"caption-attachment-2356\" class=\"wp-caption-text\">Foto: Michael Amico<\/figcaption><\/figure>\n<p>&nbsp;<\/p>\n<h2 style=\"font-weight: 400;\"><a href=\"https:\/\/www.archa-plus.cz\/cz\/program\/detail\/273\/2025-03-05-hutch\"><strong>DEKKA KICK-OFF Vol. I: HUTCH<\/strong><\/a><\/h2>\n<p style=\"font-weight: 400;\"><strong>Premi\u00e9ra:<\/strong> <strong>5.&nbsp;3.&nbsp;2025, 19.00, ARCHA+<\/strong><\/p>\n<ul>\n<li>Vytvo\u0159ili: Olha Bashkirova, Simona Bedna\u0159\u00edkov\u00e1, Luisa Brychc\u00ednov\u00e1, Am\u00e1lie Cuplov\u00e1, Leontina Folt\u00fdnov\u00e1, Kate\u0159ina Hul\u00ednsk\u00e1, Vojt\u011bch Jav\u016frek, David Kodys, Krist\u00fdna Koskov\u00e1, Alice Siln\u00e1<\/li>\n<li>Za pomoci Patrika \u010cerm\u00e1ka, \u0160t\u011bp\u00e1na Pechara a&nbsp;cel\u00e9ho t\u00fdmu DEKKADANCERS a&nbsp;ARCHA+<\/li>\n<li>Kost\u00fdmy: Emma Fiala<\/li>\n<li>Hudba: Franti\u0161ek \u201eLuteja\u201d Du\u0161ek, Tom\u00e1\u0161 \u201eTAIPEI8000000\u201d Prokop<\/li>\n<li>Foto (vizu\u00e1l): Pavel Hejn\u00fd<\/li>\n<li>Foto (p\u0159edstaven\u00ed): Michael Amico<\/li>\n<\/ul>\n<div class=\"mceTemp\"><\/div>\n<blockquote>\n<h2>\u201eHutch: Experiment, kter\u00fd vy\u0161el. (&#8230;) Skupina, kter\u00e1 vytvo\u0159ila Hutch, tan\u010d\u00ed o&nbsp;sv\u00fdch probl\u00e9mech, ale p\u0159ed\u00e1v\u00e1 nad\u011bji.\u201c<\/h2>\n<h2><strong>\u2013 Lucie Kocourkov\u00e1, divadelninet.cz<\/strong><\/h2>\n<h1><\/h1>\n<h2><span style=\"font-size: calc(17.55814px + 0.581395vw); font-weight: 600;\">\u201eZa vylo\u017een\u011b hran\u00fdmi sc\u00e9nami se vyjevuje i&nbsp;vnit\u0159n\u00ed dynamika spolupr\u00e1ce, d\u016fv\u011bry a&nbsp;vz\u00e1jemn\u00e9ho sd\u00edlen\u00ed energie mezi tane\u010dnictvem. V&nbsp;choreografii samotn\u00e9 se pracuje s&nbsp;rovnov\u00e1hou mezi kontrolou a&nbsp;uvoln\u011bn\u00edm, a&nbsp;t\u00e9ma vyv\u00e1\u017eenosti a&nbsp;balance se tak odr\u00e1\u017e\u00ed i&nbsp;ve fyzick\u00e9m projevu. V&nbsp;neposledn\u00ed \u0159ad\u011b pak pocit wellbeingu inscenace vyvol\u00e1vala i&nbsp;ve mn\u011b samotn\u00e9m. Interpret\u016fm a&nbsp;interpretk\u00e1m jsem pln\u011b d\u016fv\u011b\u0159oval a&nbsp;c\u00edtil jsem se vtahov\u00e1n do zcela bezpe\u010dn\u00e9ho prostoru p\u0159\u00edtomn\u00e9ho v&nbsp;cel\u00e9m divadeln\u00edm s\u00e1le. Byl jsem jeho sou\u010d\u00e1st\u00ed.\u201c<\/span><\/h2>\n<h2><strong>\u2013 tobi\u00e1\u0161 waller, spora<\/strong><\/h2>\n<h1><\/h1>\n<h2><span style=\"font-size: calc(17.55814px + 0.581395vw);\">\u201eCelkov\u011b vzato je <\/span><em style=\"font-size: calc(17.55814px + 0.581395vw);\">Hutch<\/em><span style=\"font-size: calc(17.55814px + 0.581395vw);\"> mimo\u0159\u00e1dn\u00fdm po\u010dinem. Schopnost vytvo\u0159it koherentn\u00ed, vz\u00e1jemn\u011b funguj\u00edc\u00ed skupinu deseti mlad\u00fdch tv\u016frky\u0148 a&nbsp;tv\u016frc\u016f, z\u00a0nich\u017e maj\u00ed nav\u00edc v\u0161ichni zna\u010dn\u011b odli\u0161n\u00e9 p\u0159edchoz\u00ed zku\u0161enosti a&nbsp;tane\u010dn\u00ed historii (najdeme sou\u010dasn\u00e9 nebo b\u00fdval\u00e9 studentky a&nbsp;studenty konzervato\u0159\u00ed <\/span><strong style=\"font-size: calc(17.55814px + 0.581395vw);\">Duncan centre<\/strong><span style=\"font-size: calc(17.55814px + 0.581395vw);\"> i&nbsp;<\/span><strong style=\"font-size: calc(17.55814px + 0.581395vw);\">Tane\u010dn\u00ed konzervato\u0159e hl. m. Prahy<\/strong><span style=\"font-size: calc(17.55814px + 0.581395vw);\">, z\u00e1stupkyn\u011b <\/span><strong style=\"font-size: calc(17.55814px + 0.581395vw);\">Katedry tance HAMU<\/strong><span style=\"font-size: calc(17.55814px + 0.581395vw);\">, ale i&nbsp;komer\u010dn\u011bj\u0161\u00edm sm\u011brem zam\u011b\u0159en\u00fdch tane\u010dn\u00edch studi\u00ed jako <\/span><strong style=\"font-size: calc(17.55814px + 0.581395vw);\">Emotion<\/strong><span style=\"font-size: calc(17.55814px + 0.581395vw);\"> nebo soubor\u016f typu <\/span><strong style=\"font-size: calc(17.55814px + 0.581395vw);\">Pop Balet<\/strong><span style=\"font-size: calc(17.55814px + 0.581395vw);\">), se na pap\u00ed\u0159e m\u016f\u017ee zd\u00e1t skoro nemo\u017en\u00e9, p\u0159esto se zada\u0159ilo.\u201c<\/span><\/h2>\n<h2><strong>\u2013 Zuzana \u00a0rafajov\u00e1, opera+<\/strong><\/h2>\n<\/blockquote>\n<figure id=\"attachment_2358\" aria-describedby=\"caption-attachment-2358\" class=\"wp-caption aligncenter\"><img alt=\"DEKKA KICK-OFF HUTCH\" src=\"https:\/\/dekkadancers.net\/app\/uploads\/2025\/03\/Hutch-69-660x0-c-default.jpg\" class=\"wp-image-2358 size-medium\"><figcaption id=\"caption-attachment-2358\" class=\"wp-caption-text\">Foto: Michael Amico<\/figcaption><\/figure>\n<p>&nbsp;<\/p>\n<p style=\"font-weight: 400;\"><strong>ARCHA+<\/strong><\/p>\n<p style=\"font-weight: 400;\">ARCHA+ p\u016fsob\u00ed od roku 2024 v&nbsp;prostor\u00e1ch p\u016fvodn\u00edho Divadla Archa. Jej\u00edm hlavn\u00edm c\u00edlem a&nbsp;posl\u00e1n\u00edm je plnit funkci spole\u010densk\u00e9 laborato\u0159e a&nbsp;st\u00e1t se m\u00edstem pro dialog a&nbsp;tvorbu mlad\u00e9 generace.<\/p>\n<p>&nbsp;<\/p>\n","protected":false},"excerpt":{"rendered":"<p>DEKKA KICK-OFF je spole\u010dn\u00fd experiment\u00e1ln\u00ed projekt souboru DEKKADANCERS a&nbsp;ARCHY+. Poskytuje mo\u017enost tv\u016frc\u016fm ve v\u011bku 18\u201326 let p\u0159ipravit vlastn\u00ed tane\u010dn\u00ed inscenaci pod superviz\u00ed zku\u0161en\u00fdch tane\u010dn\u00edk\u016f, choreograf\u016f a&nbsp;dal\u0161\u00edch profesion\u00e1ln\u00edch spolupracovn\u00edk\u016f. Projekt klade velk\u00fd d\u016fraz na autenticitu a&nbsp;prostor pro vyj\u00e1d\u0159en\u00ed um\u011bleck\u00e9 vize, postoje a&nbsp;my\u0161lenek sou\u010dasn\u00e9 mlad\u00e9 generace. &nbsp; Bu\u010fte sou\u010d\u00e1st\u00ed DEKKA KICK-OFF i&nbsp;vy. Pr\u00e1v\u011b te\u010f prob\u00edh\u00e1 Open Call [&hellip;]<\/p>\n","protected":false},"author":2,"featured_media":2303,"parent":70,"menu_order":4,"comment_status":"closed","ping_status":"closed","template":"","meta":[],"yoast_head":"<!-- This site is optimized with the Yoast SEO plugin v19.14 - https:\/\/yoast.com\/wordpress\/plugins\/seo\/ -->\n<title>DEKKA KICK-OFF - DEKKADANCERS<\/title>\n<meta name=\"robots\" content=\"index, follow, max-snippet:-1, max-image-preview:large, max-video-preview:-1\" \/>\n<link rel=\"canonical\" href=\"https:\/\/dekkadancers.net\/cs\/tanecni-skupina\/kick-off\/\" \/>\n<meta property=\"og:locale\" content=\"cs_CZ\" \/>\n<meta property=\"og:type\" content=\"article\" \/>\n<meta property=\"og:title\" content=\"DEKKA KICK-OFF - DEKKADANCERS\" \/>\n<meta property=\"og:description\" content=\"DEKKA KICK-OFF je spole\u010dn\u00fd experiment\u00e1ln\u00ed projekt souboru DEKKADANCERS a&nbsp;ARCHY+. Poskytuje mo\u017enost tv\u016frc\u016fm ve v\u011bku 18\u201326 let p\u0159ipravit vlastn\u00ed tane\u010dn\u00ed inscenaci pod superviz\u00ed zku\u0161en\u00fdch tane\u010dn\u00edk\u016f, choreograf\u016f a&nbsp;dal\u0161\u00edch profesion\u00e1ln\u00edch spolupracovn\u00edk\u016f. Projekt klade velk\u00fd d\u016fraz na autenticitu a&nbsp;prostor pro vyj\u00e1d\u0159en\u00ed um\u011bleck\u00e9 vize, postoje a&nbsp;my\u0161lenek sou\u010dasn\u00e9 mlad\u00e9 generace. &nbsp; Bu\u010fte sou\u010d\u00e1st\u00ed DEKKA KICK-OFF i&nbsp;vy. Pr\u00e1v\u011b te\u010f prob\u00edh\u00e1 Open Call [&hellip;]\" \/>\n<meta property=\"og:url\" content=\"https:\/\/dekkadancers.net\/cs\/tanecni-skupina\/kick-off\/\" \/>\n<meta property=\"og:site_name\" content=\"DEKKADANCERS\" \/>\n<meta property=\"article:publisher\" content=\"https:\/\/www.facebook.com\/dekkadancers\" \/>\n<meta property=\"article:modified_time\" content=\"2026-02-04T14:11:13+00:00\" \/>\n<meta property=\"og:image\" content=\"https:\/\/dekkadancers.net\/app\/uploads\/2022\/05\/social-thumbnail.png\" \/>\n\t<meta property=\"og:image:width\" content=\"1280\" \/>\n\t<meta property=\"og:image:height\" content=\"800\" \/>\n\t<meta property=\"og:image:type\" content=\"image\/png\" \/>\n<meta name=\"twitter:card\" content=\"summary_large_image\" \/>\n<meta name=\"twitter:label1\" content=\"Est. reading time\" \/>\n\t<meta name=\"twitter:data1\" content=\"2 minuty\" \/>\n<script type=\"application\/ld+json\" class=\"yoast-schema-graph\">{\"@context\":\"https:\/\/schema.org\",\"@graph\":[{\"@type\":\"WebPage\",\"@id\":\"https:\/\/dekkadancers.net\/cs\/tanecni-skupina\/kick-off\/\",\"url\":\"https:\/\/dekkadancers.net\/cs\/tanecni-skupina\/kick-off\/\",\"name\":\"DEKKA KICK-OFF - DEKKADANCERS\",\"isPartOf\":{\"@id\":\"https:\/\/dekkadancers.net\/#website\"},\"datePublished\":\"2024-04-25T12:48:11+00:00\",\"dateModified\":\"2026-02-04T14:11:13+00:00\",\"breadcrumb\":{\"@id\":\"https:\/\/dekkadancers.net\/cs\/tanecni-skupina\/kick-off\/#breadcrumb\"},\"inLanguage\":\"cs\",\"potentialAction\":[{\"@type\":\"ReadAction\",\"target\":[\"https:\/\/dekkadancers.net\/cs\/tanecni-skupina\/kick-off\/\"]}]},{\"@type\":\"BreadcrumbList\",\"@id\":\"https:\/\/dekkadancers.net\/cs\/tanecni-skupina\/kick-off\/#breadcrumb\",\"itemListElement\":[{\"@type\":\"ListItem\",\"position\":1,\"name\":\"Home\",\"item\":\"https:\/\/dekkadancers.net\/cs\/\"},{\"@type\":\"ListItem\",\"position\":2,\"name\":\"DEKKADANCERS\",\"item\":\"https:\/\/dekkadancers.net\/cs\/\"},{\"@type\":\"ListItem\",\"position\":3,\"name\":\"DEKKA KICK-OFF\"}]},{\"@type\":\"WebSite\",\"@id\":\"https:\/\/dekkadancers.net\/#website\",\"url\":\"https:\/\/dekkadancers.net\/\",\"name\":\"DEKKADANCERS\",\"description\":\"Contemporary dance company\",\"inLanguage\":\"cs\"}]}<\/script>\n<!-- \/ Yoast SEO plugin. -->","yoast_head_json":{"title":"DEKKA KICK-OFF - DEKKADANCERS","robots":{"index":"index","follow":"follow","max-snippet":"max-snippet:-1","max-image-preview":"max-image-preview:large","max-video-preview":"max-video-preview:-1"},"canonical":"https:\/\/dekkadancers.net\/cs\/tanecni-skupina\/kick-off\/","og_locale":"cs_CZ","og_type":"article","og_title":"DEKKA KICK-OFF - DEKKADANCERS","og_description":"DEKKA KICK-OFF je spole\u010dn\u00fd experiment\u00e1ln\u00ed projekt souboru DEKKADANCERS a&nbsp;ARCHY+. Poskytuje mo\u017enost tv\u016frc\u016fm ve v\u011bku 18\u201326 let p\u0159ipravit vlastn\u00ed tane\u010dn\u00ed inscenaci pod superviz\u00ed zku\u0161en\u00fdch tane\u010dn\u00edk\u016f, choreograf\u016f a&nbsp;dal\u0161\u00edch profesion\u00e1ln\u00edch spolupracovn\u00edk\u016f. Projekt klade velk\u00fd d\u016fraz na autenticitu a&nbsp;prostor pro vyj\u00e1d\u0159en\u00ed um\u011bleck\u00e9 vize, postoje a&nbsp;my\u0161lenek sou\u010dasn\u00e9 mlad\u00e9 generace. &nbsp; Bu\u010fte sou\u010d\u00e1st\u00ed DEKKA KICK-OFF i&nbsp;vy. Pr\u00e1v\u011b te\u010f prob\u00edh\u00e1 Open Call [&hellip;]","og_url":"https:\/\/dekkadancers.net\/cs\/tanecni-skupina\/kick-off\/","og_site_name":"DEKKADANCERS","article_publisher":"https:\/\/www.facebook.com\/dekkadancers","article_modified_time":"2026-02-04T14:11:13+00:00","og_image":[{"width":1280,"height":800,"url":"https:\/\/dekkadancers.net\/app\/uploads\/2022\/05\/social-thumbnail.png","type":"image\/png"}],"twitter_card":"summary_large_image","twitter_misc":{"Est. reading time":"2 minuty"},"schema":{"@context":"https:\/\/schema.org","@graph":[{"@type":"WebPage","@id":"https:\/\/dekkadancers.net\/cs\/tanecni-skupina\/kick-off\/","url":"https:\/\/dekkadancers.net\/cs\/tanecni-skupina\/kick-off\/","name":"DEKKA KICK-OFF - DEKKADANCERS","isPartOf":{"@id":"https:\/\/dekkadancers.net\/#website"},"datePublished":"2024-04-25T12:48:11+00:00","dateModified":"2026-02-04T14:11:13+00:00","breadcrumb":{"@id":"https:\/\/dekkadancers.net\/cs\/tanecni-skupina\/kick-off\/#breadcrumb"},"inLanguage":"cs","potentialAction":[{"@type":"ReadAction","target":["https:\/\/dekkadancers.net\/cs\/tanecni-skupina\/kick-off\/"]}]},{"@type":"BreadcrumbList","@id":"https:\/\/dekkadancers.net\/cs\/tanecni-skupina\/kick-off\/#breadcrumb","itemListElement":[{"@type":"ListItem","position":1,"name":"Home","item":"https:\/\/dekkadancers.net\/cs\/"},{"@type":"ListItem","position":2,"name":"DEKKADANCERS","item":"https:\/\/dekkadancers.net\/cs\/"},{"@type":"ListItem","position":3,"name":"DEKKA KICK-OFF"}]},{"@type":"WebSite","@id":"https:\/\/dekkadancers.net\/#website","url":"https:\/\/dekkadancers.net\/","name":"DEKKADANCERS","description":"Contemporary dance company","inLanguage":"cs"}]}},"_links":{"self":[{"href":"https:\/\/dekkadancers.net\/cs\/wp-json\/wp\/v2\/pages\/1873"}],"collection":[{"href":"https:\/\/dekkadancers.net\/cs\/wp-json\/wp\/v2\/pages"}],"about":[{"href":"https:\/\/dekkadancers.net\/cs\/wp-json\/wp\/v2\/types\/page"}],"author":[{"embeddable":true,"href":"https:\/\/dekkadancers.net\/cs\/wp-json\/wp\/v2\/users\/2"}],"replies":[{"embeddable":true,"href":"https:\/\/dekkadancers.net\/cs\/wp-json\/wp\/v2\/comments?post=1873"}],"version-history":[{"count":53,"href":"https:\/\/dekkadancers.net\/cs\/wp-json\/wp\/v2\/pages\/1873\/revisions"}],"predecessor-version":[{"id":2967,"href":"https:\/\/dekkadancers.net\/cs\/wp-json\/wp\/v2\/pages\/1873\/revisions\/2967"}],"up":[{"embeddable":true,"href":"https:\/\/dekkadancers.net\/cs\/wp-json\/wp\/v2\/pages\/70"}],"wp:featuredmedia":[{"embeddable":true,"href":"https:\/\/dekkadancers.net\/cs\/wp-json\/wp\/v2\/media\/2303"}],"wp:attachment":[{"href":"https:\/\/dekkadancers.net\/cs\/wp-json\/wp\/v2\/media?parent=1873"}],"curies":[{"name":"wp","href":"https:\/\/api.w.org\/{rel}","templated":true}]}}